{"id":1943,"date":"2017-10-20T09:13:13","date_gmt":"2017-10-20T14:13:13","guid":{"rendered":"http:\/\/ninzio.com\/univero\/home-9\/"},"modified":"2024-03-14T14:47:23","modified_gmt":"2024-03-14T19:47:23","slug":"home-9","status":"publish","type":"page","link":"https:\/\/cetproazangaro.edu.pe\/web\/","title":{"rendered":"INICIO"},"content":{"rendered":"\t\t<div data-elementor-type=\"wp-page\" data-elementor-id=\"1943\" class=\"elementor elementor-1943\">\n\t\t\t\t\t\t\t\t\t<section class=\"elementor-section elementor-top-section elementor-element elementor-element-7ad42218 elementor-section-boxed elementor-section-height-default elementor-section-height-default\" data-id=\"7ad42218\" data-element_type=\"section\">\n\t\t\t\t\t\t<div class=\"elementor-container elementor-column-gap-default\">\n\t\t\t\t\t<div class=\"elementor-column elementor-col-100 elementor-top-column elementor-element elementor-element-6b93c1a8\" data-id=\"6b93c1a8\" data-element_type=\"column\">\n\t\t\t<div class=\"elementor-widget-wrap elementor-element-populated\">\n\t\t\t\t\t\t\t\t<div class=\"elementor-element elementor-element-5033970c elementor-widget elementor-widget-text-editor\" data-id=\"5033970c\" data-element_type=\"widget\" data-widget_type=\"text-editor.default\">\n\t\t\t\t<div class=\"elementor-widget-container\">\n\t\t\t<style>\/*! elementor - v3.10.2 - 29-01-2023 *\/\n.elementor-widget-text-editor.elementor-drop-cap-view-stacked .elementor-drop-cap{background-color:#818a91;color:#fff}.elementor-widget-text-editor.elementor-drop-cap-view-framed .elementor-drop-cap{color:#818a91;border:3px solid;background-color:transparent}.elementor-widget-text-editor:not(.elementor-drop-cap-view-default) .elementor-drop-cap{margin-top:8px}.elementor-widget-text-editor:not(.elementor-drop-cap-view-default) .elementor-drop-cap-letter{width:1em;height:1em}.elementor-widget-text-editor .elementor-drop-cap{float:left;text-align:center;line-height:1;font-size:50px}.elementor-widget-text-editor .elementor-drop-cap-letter{display:inline-block}<\/style>\t\t\t\t[vc_row full_width=\u00bbstretch_row_content\u00bb][vc_column width=\u00bb2\/3&#8243;][\/vc_column][vc_column width=\u00bb1\/3&#8243;][\/vc_column][\/vc_row][vc_row][vc_column][ninzio_features_box items=\u00bb%5B%7B%22icon_font%22%3A%22u-icons-avatar-1%22%2C%22title%22%3A%22EMPRENDIMIENTO%22%2C%22description%22%3A%22Te%20formaremos%20como%20un%20l%C3%ADder%20innovador%2C%20que%20identifique%20oportunidades%20en%20el%20mercado%2C%20y%20que%20es%20capaz%20de%20crear%20y%20gestionar%20su%20negocio.%22%2C%22featured%22%3A%220%22%7D%2C%7B%22icon_font%22%3A%22%20u-icons-book2%22%2C%22title%22%3A%22INVESTIGACI%C3%93N%22%2C%22description%22%3A%22Desarrollaremos%20tu%20capacidad%20de%20buscar%20soluciones%2C%20ponerlas%20en%20pr%C3%A1ctica%20y%20generar%20valor%20en%20el%20mundo.%22%2C%22featured%22%3A%220%22%7D%2C%7B%22icon_font%22%3A%22u-icons-chat-1%22%2C%22title%22%3A%22SOSTENIBILIDAD%22%2C%22description%22%3A%22Te%20ense%C3%B1aremos%20a%20pensar%20en%20los%20dem%C3%A1s%20y%20a%20poner%20en%20pr%C3%A1ctica%20ideas%20viables%20que%20aporten%20a%20un%20mundo%20mejor.%22%2C%22featured%22%3A%220%22%7D%5D\u00bb number=\u00bb3&#8243; layout_type=\u00bblist\u00bb][vc_empty_space height=\u00bb53&#8243;][\/vc_column][\/vc_row][vc_row full_width=\u00bbstretch_row_content_no_spaces\u00bb css=\u00bb.vc_custom_1509762903953{background-color: #f5f5f5 !important;}\u00bb][vc_column width=\u00bb1\/2&#8243; css=\u00bb.vc_custom_1514547743671{padding-right: 140px !important;padding-left: 258px !important;}\u00bb el_class=\u00bbmobile-padding-0&#8243;][ninzio_title_heading style=\u00bbstyle1&#8243; title=\u00bbBIENVENIDOS\u00bb][ninzio_call_action title=\u00bb\u00bb buttons1=\u00bbbtn-default\u00bb style=\u00bbstyledefault\u00bb]En nombre del CETPRO AZANGARO &#8211; INA 21, les damos la m\u00e1s sincera bienvenida a nuestra p\u00e1gina web, en la que esperamos sea de vuestro agrado, como un medio de comunicaci\u00f3n, en la que podemos encontrar toda la informaci\u00f3n que necesiten acerca de nuestras actividades que realizamos, nuestras Ofertas formativas con que contamos, informarnos sobre los procesos de matr\u00edcula, convalidaciones, certificaciones, titulaciones, normatividad entre otras.\r\n\r\nEsta web quiere ser tambi\u00e9n testigo del crecimiento del CETPRO, desde su creaci\u00f3n hasta la fecha que comenz\u00f3 con gran esfuerzo de sacrificio y entrega por cada uno de los profesionales que pasaron por nuestra instituci\u00f3n y los que contin\u00faan laborando como Directivos, Docentes y Personal de servicio a quienes se brinda el reconocimiento por ser un eje de motivaci\u00f3n y proyecci\u00f3n al cambio el cual nos permite nuestra incursi\u00f3n al mundo virtual.\r\n\r\nFinalmente. A cada uno de ustedes, solo nos queda desearles un agradable paseo por\u00a0nuestra P\u00e1gina Web.\r\n<p class=\"derecha\" style=\"margin: 0cm;\"><strong><span style=\"font-size: 10.0pt; font-family: 'Arial',sans-serif; color: #666666;\">Mg. Jos\u00e9 Luis Choque Palli<\/span><\/strong><\/p>\r\n<p class=\"derecha\" style=\"margin: 0cm;\"><span style=\"font-size: 10.0pt; font-family: 'Arial',sans-serif; color: #666666;\">DIRECTOR<\/span><\/p>\r\n<p class=\"derecha\" style=\"margin: 0cm;\"><acronym><span style=\"font-size: 10.0pt; font-family: 'Arial',sans-serif; color: #666666;\">CETPRO AZANGARO &#8211; INA 21<\/span><\/acronym><\/p>\r\n[\/ninzio_call_action][\/vc_column][vc_column width=\u00bb1\/2&#8243;][vc_single_image image=\u00bb2726&#8243; img_size=\u00bbfull\u00bb css=\u00bb.vc_custom_1649811784348{margin-right: 20px !important;border-right-width: 10px !important;}\u00bb][\/vc_column][\/vc_row][vc_row][vc_column][ninzio_title_heading descript=\u00bbInformaci\u00f3n de las opciones Ocupacionaes y\/o Especialidades.\u00bb style=\u00bbdefault\u00bb title=\u00bbProgramas Formativos\u00bb][ninzio_courses course_type=\u00bbrandom\u00bb number=\u00bb9&#8243; columns=\u00bb3&#8243; el_class=\u00bbno-margin\u00bb][vc_empty_space height=\u00bb53&#8243; el_class=\u00bbhidden-md hidden-sm hidden-xs\u00bb][\/vc_column][\/vc_row][vc_row][vc_column][vc_empty_space height=\u00bb45px\u00bb el_class=\u00bbhidden-xs hidden-sm hidden-md\u00bb][ninzio_title_heading descript=\u00bbComunicados Institucionales\u00bb style=\u00bbdefault\u00bb title=\u00bbCOMUNICADOS\u00bb el_class=\u00bbvc-blog\u00bb][ninzio_news items=\u00bb20&#8243; cat_slug=\u00bbComunicados\u00bb auto_scroll=\u00bbtrue\u00bb][vc_empty_space height=\u00bb35&#8243; el_class=\u00bbhidden-xs hidden-sm hidden-md\u00bb][\/vc_column][\/vc_row][vc_row][vc_column][ninzio_title_heading style=\u00bbdefault\u00bb title=\u00bbENLACES DE INTERES\u00bb el_class=\u00bbvc-blog\u00bb][\/vc_column][\/vc_row][vc_row][vc_column width=\u00bb1\/4&#8243;][vc_single_image image=\u00bb2501&#8243; alignment=\u00bbcenter\u00bb onclick=\u00bbcustom_link\u00bb link=\u00bbhttps:\/\/www.gob.pe\/minedu\u00bb][\/vc_column][vc_column width=\u00bb1\/4&#8243;][vc_single_image image=\u00bb2500&#8243; alignment=\u00bbcenter\u00bb onclick=\u00bbcustom_link\u00bb link=\u00bbhttps:\/\/www.regionpuno.gob.pe\/\u00bb][\/vc_column][vc_column width=\u00bb1\/4&#8243;][vc_single_image image=\u00bb2465&#8243; alignment=\u00bbcenter\u00bb onclick=\u00bbcustom_link\u00bb link=\u00bbhttps:\/\/www.ugelazangaro.gob.pe\/\u00bb][\/vc_column][vc_column width=\u00bb1\/4&#8243;][vc_single_image image=\u00bb2503&#8243; alignment=\u00bbcenter\u00bb onclick=\u00bbcustom_link\u00bb link=\u00bbhttps:\/\/www.drepuno.gob.pe\/\u00bb][\/vc_column][\/vc_row]\t\t\t\t\t\t<\/div>\n\t\t\t\t<\/div>\n\t\t\t\t\t<\/div>\n\t\t<\/div>\n\t\t\t\t\t\t\t<\/div>\n\t\t<\/section>\n\t\t\t\t\t\t\t<\/div>\n\t\t","protected":false},"excerpt":{"rendered":"<p>[vc_row full_width=\u00bbstretch_row_content\u00bb][vc_column width=\u00bb2\/3&#8243;][\/vc_column][vc_column width=\u00bb1\/3&#8243;][\/vc_column][\/vc_row][vc_row][vc_column][ninzio_features_box items=\u00bb%5B%7B%22icon_font%22%3A%22u-icons-avatar-1%22%2C%22title%22%3A%22EMPRENDIMIENTO%22%2C%22description%22%3A%22Te%20formaremos%20como%20un%20l%C3%ADder%20innovador%2C%20que%20identifique%20oportunidades%20en%20el%20mercado%2C%20y%20que%20es%20capaz%20de%20crear%20y%20gestionar%20su%20negocio.%22%2C%22featured%22%3A%220%22%7D%2C%7B%22icon_font%22%3A%22%20u-icons-book2%22%2C%22title%22%3A%22INVESTIGACI%C3%93N%22%2C%22description%22%3A%22Desarrollaremos%20tu%20capacidad%20de%20buscar%20soluciones%2C%20ponerlas%20en%20pr%C3%A1ctica%20y%20generar%20valor%20en%20el%20mundo.%22%2C%22featured%22%3A%220%22%7D%2C%7B%22icon_font%22%3A%22u-icons-chat-1%22%2C%22title%22%3A%22SOSTENIBILIDAD%22%2C%22description%22%3A%22Te%20ense%C3%B1aremos%20a%20pensar%20en%20los%20dem%C3%A1s%20y%20a%20poner%20en%20pr%C3%A1ctica%20ideas%20viables%20que%20aporten%20a%20un%20mundo%20mejor.%22%2C%22featured%22%3A%220%22%7D%5D\u00bb number=\u00bb3&#8243; layout_type=\u00bblist\u00bb][vc_empty_space height=\u00bb53&#8243;][\/vc_column][\/vc_row][vc_row full_width=\u00bbstretch_row_content_no_spaces\u00bb css=\u00bb.vc_custom_1509762903953{background-color: #f5f5f5 !important;}\u00bb][vc_column width=\u00bb1\/2&#8243; css=\u00bb.vc_custom_1514547743671{padding-right: 140px !important;padding-left: 258px !important;}\u00bb el_class=\u00bbmobile-padding-0&#8243;][ninzio_title_heading style=\u00bbstyle1&#8243; title=\u00bbBIENVENIDOS\u00bb][ninzio_call_action title=\u00bb\u00bb buttons1=\u00bbbtn-default\u00bb style=\u00bbstyledefault\u00bb]En nombre del CETPRO AZANGARO &#8211; INA &hellip; <br \/><a href=\"https:\/\/cetproazangaro.edu.pe\/web\/\" class=\"more-link\">Continue reading <span class=\"screen-reader-text\">INICIO<\/span><\/a><\/p>\n","protected":false},"author":1,"featured_media":0,"parent":0,"menu_order":0,"comment_status":"closed","ping_status":"closed","template":"","meta":[],"_links":{"self":[{"href":"https:\/\/cetproazangaro.edu.pe\/web\/wp-json\/wp\/v2\/pages\/1943"}],"collection":[{"href":"https:\/\/cetproazangaro.edu.pe\/web\/wp-json\/wp\/v2\/pages"}],"about":[{"href":"https:\/\/cetproazangaro.edu.pe\/web\/wp-json\/wp\/v2\/types\/page"}],"author":[{"embeddable":true,"href":"https:\/\/cetproazangaro.edu.pe\/web\/wp-json\/wp\/v2\/users\/1"}],"replies":[{"embeddable":true,"href":"https:\/\/cetproazangaro.edu.pe\/web\/wp-json\/wp\/v2\/comments?post=1943"}],"version-history":[{"count":8,"href":"https:\/\/cetproazangaro.edu.pe\/web\/wp-json\/wp\/v2\/pages\/1943\/revisions"}],"predecessor-version":[{"id":2901,"href":"https:\/\/cetproazangaro.edu.pe\/web\/wp-json\/wp\/v2\/pages\/1943\/revisions\/2901"}],"wp:attachment":[{"href":"https:\/\/cetproazangaro.edu.pe\/web\/wp-json\/wp\/v2\/media?parent=1943"}],"curies":[{"name":"wp","href":"https:\/\/api.w.org\/{rel}","templated":true}]}}