{"id":2265,"date":"2020-11-04T13:56:00","date_gmt":"2020-11-04T18:56:00","guid":{"rendered":"https:\/\/cetproazangaro.edu.pe\/web\/?page_id=2265"},"modified":"2020-11-05T00:47:39","modified_gmt":"2020-11-05T05:47:39","slug":"valores","status":"publish","type":"page","link":"https:\/\/cetproazangaro.edu.pe\/web\/valores\/","title":{"rendered":"VALORES"},"content":{"rendered":"<p>[vc_row][vc_column width=\u00bb1\/2&#8243;][vc_column_text]<\/p>\n<h4><strong>VALORES QUE NOS DEFINEN:<\/strong><\/h4>\n<p>[\/vc_column_text][vc_column_text]<strong>VALORES HUMANOS<\/strong>: Lealtad, honradez, responsabilidad, veracidad, puntualidad y equidad.<\/p>\n<p><strong>VALORES C\u00cdVICOS Y PATRIOTICOS<\/strong>: Amor, cari\u00f1o y respeto a nuestros s\u00edmbolos patrios y naci\u00f3n.<\/p>\n<p><strong>VALORES CULTURALES<\/strong>: Resaltar y valorar nuestras costumbres, folklores y fe religiosa como tambi\u00e9n la conservaci\u00f3n del medio ambiente y ecol\u00f3gico.[\/vc_column_text][\/vc_column][vc_column width=\u00bb1\/2&#8243;][vc_single_image image=\u00bb2433&#8243; img_size=\u00bbmedium\u00bb alignment=\u00bbcenter\u00bb][\/vc_column][\/vc_row]<\/p>\n","protected":false},"excerpt":{"rendered":"<p>[vc_row][vc_column width=\u00bb1\/2&#8243;][vc_column_text] VALORES QUE NOS DEFINEN: [\/vc_column_text][vc_column_text]VALORES HUMANOS: Lealtad, honradez, responsabilidad, veracidad, puntualidad y equidad. VALORES C\u00cdVICOS Y PATRIOTICOS: Amor, cari\u00f1o y respeto a nuestros s\u00edmbolos patrios y naci\u00f3n. VALORES &hellip; <br \/><a href=\"https:\/\/cetproazangaro.edu.pe\/web\/valores\/\" class=\"more-link\">Continue reading <span class=\"screen-reader-text\">VALORES<\/span><\/a><\/p>\n","protected":false},"author":1,"featured_media":0,"parent":0,"menu_order":0,"comment_status":"closed","ping_status":"closed","template":"","meta":[],"_links":{"self":[{"href":"https:\/\/cetproazangaro.edu.pe\/web\/wp-json\/wp\/v2\/pages\/2265"}],"collection":[{"href":"https:\/\/cetproazangaro.edu.pe\/web\/wp-json\/wp\/v2\/pages"}],"about":[{"href":"https:\/\/cetproazangaro.edu.pe\/web\/wp-json\/wp\/v2\/types\/page"}],"author":[{"embeddable":true,"href":"https:\/\/cetproazangaro.edu.pe\/web\/wp-json\/wp\/v2\/users\/1"}],"replies":[{"embeddable":true,"href":"https:\/\/cetproazangaro.edu.pe\/web\/wp-json\/wp\/v2\/comments?post=2265"}],"version-history":[{"count":0,"href":"https:\/\/cetproazangaro.edu.pe\/web\/wp-json\/wp\/v2\/pages\/2265\/revisions"}],"wp:attachment":[{"href":"https:\/\/cetproazangaro.edu.pe\/web\/wp-json\/wp\/v2\/media?parent=2265"}],"curies":[{"name":"wp","href":"https:\/\/api.w.org\/{rel}","templated":true}]}}