{"id":2344,"date":"2020-11-04T20:47:40","date_gmt":"2020-11-05T01:47:40","guid":{"rendered":"https:\/\/cetproazangaro.edu.pe\/web\/?page_id=2344"},"modified":"2024-06-28T15:52:06","modified_gmt":"2024-06-28T20:52:06","slug":"normatividad","status":"publish","type":"page","link":"https:\/\/cetproazangaro.edu.pe\/web\/normatividad\/","title":{"rendered":"Normatividad"},"content":{"rendered":"<p>[vc_row][vc_column][vc_column_text]<\/p>\n<ul>\n<li><strong>Constituci\u00f3n Pol\u00edtica del Per\u00fa.<\/strong><\/li>\n<li><strong>Ley N\u00b0 29944, Ley de la carrera P\u00fablica Magisterial.<\/strong><\/li>\n<li><strong>Ley N\u00b0 28044, Ley General de Educaci\u00f3n.<\/strong><\/li>\n<li><strong>Ley N\u00b0 28518, Ley de modalidades formativas laborales.<\/strong><\/li>\n<li><strong>Ley N\u00b0 29973, Ley general de la persona con discapacidad<\/strong><\/li>\n<li><strong>Decreto Supremo N\u00b0 011-2012-ED, que aprueba el Reglamento de la Ley N\u00b0 28044, Ley General de Educaci\u00f3n.<\/strong><\/li>\n<li><strong>Decreto Supremo N\u00b0 1401, que aprueba el r\u00e9gimen especial que regula las modalidades formativas de servicios en el sector P\u00fablico.<\/strong><\/li>\n<li><strong>Decreto Supremo N\u00b0 002-2014-MIMP, que aprueba el Reglamento de la Ley N\u00b0 29973, Ley General de la Persona con Discapacidad<\/strong><\/li>\n<li><strong>Decreto Supremo N\u00b0 017-2012-ED, que aprueba la Pol\u00edtica Nacional de Educaci\u00f3n Ambiental.<\/strong><\/li>\n<li><strong>Decreto Legislativo N\u00b0 1375, que modifica diversos art\u00edculos de la Ley N\u00b0 28044, Ley General de Educaci\u00f3n, sobre Educaci\u00f3n T\u00e9cnico-Productiva y dicta otras disposiciones.<\/strong><\/li>\n<li><strong>Decreto Supremo N\u00b0 004-2019-MINEDU, que modifica el reglamento de la Ley General de educaci\u00f3n, aprobado por decreto Supremo N\u00b0 011-2012-ED y lo adecua a lo dispuesto en el Decreto Legislativo N\u00b0 1375 que modifica diversos art\u00edculos de la Ley N\u00b0 28044, Ley General de Educaci\u00f3n, sobre Educaci\u00f3n T\u00e9cnico-Productiva y dicta otras disposiciones<\/strong><\/li>\n<li><strong>Decreto Supremo N\u00b0 007-2005-TR, que aprueba el Reglamento de Ley N\u00b0 28518, ley sobre modalidades formativas laborales.<\/strong><\/li>\n<li><strong>Resoluci\u00f3n Viceministerial N\u00b0 176-2021-MINEDU, que aprueba el documento Normativo \u201cDisposiciones que regulan la transitabilidad entre las instituciones educativas de educaci\u00f3n B\u00e1sica, T\u00e9cnico \u2013 productiva y Superior Tecnol\u00f3gica\u201d.<\/strong><\/li>\n<li><strong>Resoluci\u00f3n Viceministerial N\u00b0188-2021-MINEDU, que aprueba los Lineamientos Acad\u00e9micos Generales para los Centros de Educaci\u00f3n T\u00e9cnico &#8211; Productiva\u201d.<\/strong><\/li>\n<li><strong>Resoluci\u00f3n Viceministerial N\u00ba 178-2018-MINEDU \u201cCat\u00e1logo Nacional de la Oferta Formativa de la Educaci\u00f3n Superior Tecnol\u00f3gica y T\u00e9cnico &#8211; Productiva\u201d<\/strong><\/li>\n<li><strong>Resoluci\u00f3n Viceministerial N\u00b0 049-2022-MINEDU \u2013 \u201c<u>Aprobar<\/u> el \u201cCat\u00e1logo Nacional de la Oferta Formativa de la Educaci\u00f3n Superior Tecnol\u00f3gica y T\u00e9cnico &#8211; Productiva\u201d, el mismo que se presenta en el Anexo N\u00b002 de la Resoluci\u00f3n\u201d y deroga el \u201cCat\u00e1logo Nacional de la Oferta Formativa de la Educaci\u00f3n Superior Tecnol\u00f3gica y T\u00e9cnico &#8211; Productiva\u201d, aprobado por el art\u00edculo 2 de la Resoluci\u00f3n Viceministerial N\u00ba 178-2018-MINEDU<\/strong><\/li>\n<li><strong>Reglamento interno de la I.E.<\/strong><\/li>\n<\/ul>\n<p>[\/vc_column_text][\/vc_column][\/vc_row]<\/p>\n","protected":false},"excerpt":{"rendered":"<p>[vc_row][vc_column][vc_column_text] Constituci\u00f3n Pol\u00edtica del Per\u00fa. Ley N\u00b0 29944, Ley de la carrera P\u00fablica Magisterial. Ley N\u00b0 28044, Ley General de Educaci\u00f3n. Ley N\u00b0 28518, Ley de modalidades formativas laborales. Ley &hellip; <br \/><a href=\"https:\/\/cetproazangaro.edu.pe\/web\/normatividad\/\" class=\"more-link\">Continue reading <span class=\"screen-reader-text\">Normatividad<\/span><\/a><\/p>\n","protected":false},"author":1,"featured_media":0,"parent":0,"menu_order":0,"comment_status":"closed","ping_status":"closed","template":"","meta":[],"_links":{"self":[{"href":"https:\/\/cetproazangaro.edu.pe\/web\/wp-json\/wp\/v2\/pages\/2344"}],"collection":[{"href":"https:\/\/cetproazangaro.edu.pe\/web\/wp-json\/wp\/v2\/pages"}],"about":[{"href":"https:\/\/cetproazangaro.edu.pe\/web\/wp-json\/wp\/v2\/types\/page"}],"author":[{"embeddable":true,"href":"https:\/\/cetproazangaro.edu.pe\/web\/wp-json\/wp\/v2\/users\/1"}],"replies":[{"embeddable":true,"href":"https:\/\/cetproazangaro.edu.pe\/web\/wp-json\/wp\/v2\/comments?post=2344"}],"version-history":[{"count":3,"href":"https:\/\/cetproazangaro.edu.pe\/web\/wp-json\/wp\/v2\/pages\/2344\/revisions"}],"predecessor-version":[{"id":2993,"href":"https:\/\/cetproazangaro.edu.pe\/web\/wp-json\/wp\/v2\/pages\/2344\/revisions\/2993"}],"wp:attachment":[{"href":"https:\/\/cetproazangaro.edu.pe\/web\/wp-json\/wp\/v2\/media?parent=2344"}],"curies":[{"name":"wp","href":"https:\/\/api.w.org\/{rel}","templated":true}]}}