{"id":2384,"date":"2020-11-04T22:47:58","date_gmt":"2020-11-05T03:47:58","guid":{"rendered":"https:\/\/cetproazangaro.edu.pe\/web\/?page_id=2384"},"modified":"2020-11-05T01:21:05","modified_gmt":"2020-11-05T06:21:05","slug":"perfil-del-estudiante","status":"publish","type":"page","link":"https:\/\/cetproazangaro.edu.pe\/web\/perfil-del-estudiante\/","title":{"rendered":"PERFIL DEL ESTUDIANTE"},"content":{"rendered":"<p>[vc_row][vc_column width=\u00bb2\/3&#8243;][vc_column_text]<\/p>\n<h4>PERFIL DEL ESTUDIANTE:<\/h4>\n<p>[\/vc_column_text][vc_column_text]Todas las acciones del CETPRO \u201cAZANGARO\u201d, est\u00e1n destinadas a lograr el siguiente Perfil en el estudiante.<\/p>\n<p>1<strong>.- IDONEIDAD PROFESIONAL<\/strong>:<\/p>\n<ol>\n<li>Dominio y competencia laboral como resultado de la formaci\u00f3n y capacitaci\u00f3n te\u00f3rico-pr\u00e1ctico de su carrera t\u00e9cnica.<\/li>\n<\/ol>\n<p>2.- <strong>PENSAMIENTO ANAL\u00cdTICO Y CREATIVO: <\/strong><\/p>\n<ol>\n<li>Capacidad de raciocinio, reflexi\u00f3n, an\u00e1lisis, sentido l\u00f3gico, objetividad.<\/li>\n<li>Capacidad para actuar independientemente ante situaciones imprevistas, con\u00a0 creatividad, ideas nuevas, formas o procedimientos de trabajo mediante la iniciativa, imaginaci\u00f3n e inventiva.<\/li>\n<\/ol>\n<p>3.- <strong>ADAPTACI\u00d3N SOCIAL LABORAL: <\/strong><\/p>\n<ol>\n<li>Seguridad an\u00edmica, sentido de adaptaci\u00f3n, de integraci\u00f3n y adherencia al grupo laboral.<\/li>\n<li>Capacidad de mantenerse acorde con los cambios sociales y con el progreso cient\u00edfico y tecnol\u00f3gico.<\/li>\n<\/ol>\n<p>4.- <strong>ETICA SOCIAL Y PROFESIONAL:<\/strong><\/p>\n<ol>\n<li>Ejercicio responsable y aut\u00f3nomo de los valores morales.<\/li>\n<\/ol>\n<p>5.- <strong>MOTIVACI\u00d3N DE LOGROS: <\/strong><\/p>\n<ol>\n<li>Voluntad para lograr resultados concretos, espec\u00edficos y oportunos mediante una clara determinaci\u00f3n de objetivos, disposici\u00f3n para la optimizaci\u00f3n laboral.<\/li>\n<\/ol>\n<p>6.- <strong>PROYECCI\u00d3N SOCIAL: <\/strong><\/p>\n<ol>\n<li>Capacidad de interpretar objetivamente la realidad, sentido de participaci\u00f3n social, activa y solidaria.<\/li>\n<\/ol>\n<p><strong>\u00a07.- RESPONSABILIDAD<\/strong>:<\/p>\n<ol>\n<li>Observancia de normas, procedimientos y otras especificaciones en el trabajo por convicci\u00f3n y sin necesidad de control. Considera tambi\u00e9n el esmero en la realizaci\u00f3n de los trabajos a su cargo.<\/li>\n<\/ol>\n<p>8.- <strong>AUTONOM\u00cdA DECISORA:<\/strong><\/p>\n<ol>\n<li>Capacidad de tomar decisiones acertadamente de acuerdo a las caracter\u00edsticas de la situaci\u00f3n y los beneficios que obtengan asumiendo plena responsabilidad de las consecuencias derivadas.<\/li>\n<\/ol>\n<p>9.- <strong>\u00d3RDEN Y M\u00c9TODO:<\/strong><\/p>\n<ol>\n<li>Capacidad de organizaci\u00f3n, coherencia, orden y tendencia sistem\u00e1tica con el desarrollo habitual del trabajo.<\/li>\n<\/ol>\n<p>10.- <strong>SENTIDO DE COMUNICACI\u00d3N:<\/strong><\/p>\n<ol>\n<li>Sentido de transmitir, recibir e interpretar y tendencia sistem\u00e1tica en el desarrollo habitual del trabajo.<\/li>\n<\/ol>\n<p>11.- <strong>ESPIRITU DE TRABAJO:<\/strong><\/p>\n<ol>\n<li>Sentido de colaboraci\u00f3n y apoyo que necesita a sus compa\u00f1eros y directivos. b. Relaci\u00f3n arm\u00f3nica con los dem\u00e1s, integraci\u00f3n y adaptaci\u00f3n al equipo.<\/li>\n<\/ol>\n<p>12.- <strong>PERSPECTIVAS DE DESARROLLO:<\/strong><\/p>\n<ol>\n<li>Capacidad para evaluar y potencializar sus propios recursos humanos y tender frecuentemente hacia el desarrollo personal y familiar, as\u00ed como a la educaci\u00f3n.<\/li>\n<\/ol>\n<p>[\/vc_column_text][\/vc_column][vc_column width=\u00bb1\/3&#8243;][vc_empty_space][vc_single_image image=\u00bb2449&#8243; img_size=\u00bbmedium\u00bb alignment=\u00bbcenter\u00bb][vc_empty_space][vc_empty_space][vc_single_image image=\u00bb2450&#8243; img_size=\u00bbmedium\u00bb alignment=\u00bbcenter\u00bb][vc_empty_space][vc_empty_space][vc_single_image image=\u00bb2452&#8243; img_size=\u00bbmedium\u00bb alignment=\u00bbcenter\u00bb][\/vc_column][\/vc_row]<\/p>\n","protected":false},"excerpt":{"rendered":"<p>[vc_row][vc_column width=\u00bb2\/3&#8243;][vc_column_text] PERFIL DEL ESTUDIANTE: [\/vc_column_text][vc_column_text]Todas las acciones del CETPRO \u201cAZANGARO\u201d, est\u00e1n destinadas a lograr el siguiente Perfil en el estudiante. 1.- IDONEIDAD PROFESIONAL: Dominio y competencia laboral como resultado &hellip; <br \/><a href=\"https:\/\/cetproazangaro.edu.pe\/web\/perfil-del-estudiante\/\" class=\"more-link\">Continue reading <span class=\"screen-reader-text\">PERFIL DEL ESTUDIANTE<\/span><\/a><\/p>\n","protected":false},"author":1,"featured_media":0,"parent":0,"menu_order":0,"comment_status":"closed","ping_status":"closed","template":"","meta":[],"_links":{"self":[{"href":"https:\/\/cetproazangaro.edu.pe\/web\/wp-json\/wp\/v2\/pages\/2384"}],"collection":[{"href":"https:\/\/cetproazangaro.edu.pe\/web\/wp-json\/wp\/v2\/pages"}],"about":[{"href":"https:\/\/cetproazangaro.edu.pe\/web\/wp-json\/wp\/v2\/types\/page"}],"author":[{"embeddable":true,"href":"https:\/\/cetproazangaro.edu.pe\/web\/wp-json\/wp\/v2\/users\/1"}],"replies":[{"embeddable":true,"href":"https:\/\/cetproazangaro.edu.pe\/web\/wp-json\/wp\/v2\/comments?post=2384"}],"version-history":[{"count":0,"href":"https:\/\/cetproazangaro.edu.pe\/web\/wp-json\/wp\/v2\/pages\/2384\/revisions"}],"wp:attachment":[{"href":"https:\/\/cetproazangaro.edu.pe\/web\/wp-json\/wp\/v2\/media?parent=2384"}],"curies":[{"name":"wp","href":"https:\/\/api.w.org\/{rel}","templated":true}]}}