{"id":2386,"date":"2020-11-04T22:49:46","date_gmt":"2020-11-05T03:49:46","guid":{"rendered":"https:\/\/cetproazangaro.edu.pe\/web\/?page_id=2386"},"modified":"2024-03-14T13:10:19","modified_gmt":"2024-03-14T18:10:19","slug":"proceso-de-matriculas","status":"publish","type":"page","link":"https:\/\/cetproazangaro.edu.pe\/web\/proceso-de-matriculas\/","title":{"rendered":"PROCESO DE MATR\u00cdCULAS"},"content":{"rendered":"<p>[vc_row][vc_column][vc_column_text]<\/p>\n<h1><strong>PROCESO DE MATR\u00cdCULAS:<\/strong><\/h1>\n<p>[\/vc_column_text][vc_column_text]<\/p>\n<ol>\n<li>\n<h5><strong>Matr\u00edcula de los estudiantes. &#8211; <\/strong>Para el acceso de los estudiantes al CETPRO solo se requiere que tengan 14 a\u00f1os de edad como m\u00ednimo y por la naturaleza de las especialidades se determina algunos requisitos m\u00ednimos de ingreso.<\/h5>\n<\/li>\n<li>\n<h5>El Proceso de inscripci\u00f3n, matr\u00edcula se realiza de manera permanente, acorde a los m\u00f3dulos educativos ofertados durante el a\u00f1o.<\/h5>\n<\/li>\n<li>\n<h5>La inscripci\u00f3n es el acto por el cual el estudiante se compromete a cursar sus estudios en la especialidad determinada en el acto formal y voluntaria que acredita su condici\u00f3n de estudiante y el compromiso de cumplir las normas legales vigentes del CETPRO y el R.I.<\/h5>\n<\/li>\n<li>\n<h5>Los estudiantes al momento de registrar su inscripci\u00f3n y matr\u00edcula en el M\u00f3dulo aportar\u00e1n una cuota por \u00fanica vez para el mantenimiento de m\u00e1quinas, equipos, materiales e instrumentos y la adquisici\u00f3n de las mismas por su depreciaci\u00f3n y deterioro; iniciado el dictado de clases no hay devoluci\u00f3n del dinero ni postergaciones de inscripci\u00f3n.<\/h5>\n<\/li>\n<li>\n<h5><strong>Para la inscripci\u00f3n y matr\u00edcula son necesarios los siguientes requisitos:<\/strong><\/h5>\n<ol>\n<li>\n<h5>Copia simple del documento nacional de identificaci\u00f3n (DNI) y\/o partida de nacimiento.<\/h5>\n<\/li>\n<li>\n<h5>01 fotograf\u00eda tama\u00f1o carnet.<\/h5>\n<\/li>\n<\/ol>\n<\/li>\n<li>\n<h5>Al t\u00e9rmino del curso modular se otorga un <strong>certificado de capacitaci\u00f3n modular<\/strong>, al estudiante que haya aprobado satisfactoriamente los m\u00f3dulos correspondientes y haber realizado sus pr\u00e1cticas pre profesionales.<\/h5>\n<\/li>\n<li>\n<h5>Al finalizar el curso modular, los estudiantes que hayan aprobado todos los m\u00f3dulos <strong>tienen derecho a obtener un t\u00edtulo de auxiliar t\u00e9cnico<\/strong> seg\u00fan corresponda en conformidad a las normas vigentes.<\/h5>\n<\/li>\n<\/ol>\n<p>[\/vc_column_text][\/vc_column][\/vc_row]<\/p>\n","protected":false},"excerpt":{"rendered":"<p>[vc_row][vc_column][vc_column_text] PROCESO DE MATR\u00cdCULAS: [\/vc_column_text][vc_column_text] Matr\u00edcula de los estudiantes. &#8211; Para el acceso de los estudiantes al CETPRO solo se requiere que tengan 14 a\u00f1os de edad como m\u00ednimo y &hellip; <br \/><a href=\"https:\/\/cetproazangaro.edu.pe\/web\/proceso-de-matriculas\/\" class=\"more-link\">Continue reading <span class=\"screen-reader-text\">PROCESO DE MATR\u00cdCULAS<\/span><\/a><\/p>\n","protected":false},"author":1,"featured_media":0,"parent":0,"menu_order":0,"comment_status":"closed","ping_status":"closed","template":"","meta":[],"_links":{"self":[{"href":"https:\/\/cetproazangaro.edu.pe\/web\/wp-json\/wp\/v2\/pages\/2386"}],"collection":[{"href":"https:\/\/cetproazangaro.edu.pe\/web\/wp-json\/wp\/v2\/pages"}],"about":[{"href":"https:\/\/cetproazangaro.edu.pe\/web\/wp-json\/wp\/v2\/types\/page"}],"author":[{"embeddable":true,"href":"https:\/\/cetproazangaro.edu.pe\/web\/wp-json\/wp\/v2\/users\/1"}],"replies":[{"embeddable":true,"href":"https:\/\/cetproazangaro.edu.pe\/web\/wp-json\/wp\/v2\/comments?post=2386"}],"version-history":[{"count":5,"href":"https:\/\/cetproazangaro.edu.pe\/web\/wp-json\/wp\/v2\/pages\/2386\/revisions"}],"predecessor-version":[{"id":2833,"href":"https:\/\/cetproazangaro.edu.pe\/web\/wp-json\/wp\/v2\/pages\/2386\/revisions\/2833"}],"wp:attachment":[{"href":"https:\/\/cetproazangaro.edu.pe\/web\/wp-json\/wp\/v2\/media?parent=2386"}],"curies":[{"name":"wp","href":"https:\/\/api.w.org\/{rel}","templated":true}]}}