{"id":2388,"date":"2020-11-04T22:52:11","date_gmt":"2020-11-05T03:52:11","guid":{"rendered":"https:\/\/cetproazangaro.edu.pe\/web\/?page_id=2388"},"modified":"2024-06-28T15:16:47","modified_gmt":"2024-06-28T20:16:47","slug":"proceso-de-titulacion","status":"publish","type":"page","link":"https:\/\/cetproazangaro.edu.pe\/web\/proceso-de-titulacion\/","title":{"rendered":"PROCESO DE TITULACI\u00d3N"},"content":{"rendered":"<p>[vc_row][vc_column][vc_column_text]<\/p>\n<h4><strong>PROCESO DE TITULACI\u00d3N:<\/strong><\/h4>\n<p>[\/vc_column_text][vc_column_text]<strong>REQUISITOS PARA TITULACI\u00d3N: <\/strong>R.D. N\u00b0 0972-2009-ED Procedimiento de implementaci\u00f3n del examen te\u00f3rico pr\u00e1ctico para la titulaci\u00f3n en los CETPRO.<\/p>\n<p>R.M. N\u00b0 159-2008-ED Manual de expedici\u00f3n y registro de t\u00edtulos de auxiliar t\u00e9cnico<\/p>\n<p><strong>\u00a0<\/strong><strong>Se estructura un cronograma en dos etapas:<\/strong><\/p>\n<p><strong>\u00a0<\/strong><strong>PRIMERA ETAPA: Examen Te\u00f3rico Practico<\/strong><\/p>\n<p>Los ex alumnos del CETPRO AZANGARO INA 21 para el proceso de titulaci\u00f3n, pueden presentar sus expedientes adjuntando los siguientes documentos:<\/p>\n<ul>\n<li>Solicitud dirigida al Director del CETPRO (solicitando se Declare expedito para rendir el Examen te\u00f3rico Pr\u00e1ctico)<\/li>\n<li>Copia simple de D.N.I.<\/li>\n<li>Copia fedateada por el director del CETPRO, de los certificados de los m\u00f3dulos ocupacionales convergentes a una opci\u00f3n ocupacional, con un m\u00ednimo de 1000 horas.<\/li>\n<li>Constancia de no adeudar bienes o enseres al CETPRO.<\/li>\n<\/ul>\n<p><strong>SEGUNDA ETAPA: Expedici\u00f3n y Registro De T\u00edtulos<\/strong><\/p>\n<p>Los estudiantes aprobados del examen presentar\u00e1n:<\/p>\n<ul>\n<li>Partida de nacimiento original<\/li>\n<li>Dos fotograf\u00edas tama\u00f1o pasaporte fondo blanco<\/li>\n<li>Acta de evaluaci\u00f3n del examen te\u00f3rico pr\u00e1ctico aprobado y firmado por la comisi\u00f3n evaluadora<\/li>\n<\/ul>\n<p>Los formatos de t\u00edtulos de auxiliar t\u00e9cnico ser\u00e1n caligrafiados por el CETPRO, con los nombres y apellidos de los egresados de acuerdo a las actas de evaluaci\u00f3n<\/p>\n<p>Mediante Oficio del Director solicitando a la UGEL la expedici\u00f3n y registro de t\u00edtulos correspondientes adjuntando lo siguiente:<\/p>\n<ul>\n<li>T\u00edtulos Caligrafiados sin fecha<\/li>\n<li>Copia de R.D. de autorizaci\u00f3n de la Opci\u00f3n Ocupacional<\/li>\n<li>Copia fedateada de los certificados de m\u00f3dulos<\/li>\n<li>Partida de nacimiento original<\/li>\n<li>Copia simple de D.N.I. y 03 fotograf\u00edas pasaporte fondo blanco<\/li>\n<li>Acta de evaluaci\u00f3n del examen te\u00f3rico pr\u00e1ctico aprobado por el estudiante<\/li>\n<\/ul>\n<p>[\/vc_column_text][\/vc_column][\/vc_row][vc_row][vc_column][\/vc_column][\/vc_row]<\/p>\n","protected":false},"excerpt":{"rendered":"<p>[vc_row][vc_column][vc_column_text] PROCESO DE TITULACI\u00d3N: [\/vc_column_text][vc_column_text]REQUISITOS PARA TITULACI\u00d3N: R.D. N\u00b0 0972-2009-ED Procedimiento de implementaci\u00f3n del examen te\u00f3rico pr\u00e1ctico para la titulaci\u00f3n en los CETPRO. R.M. N\u00b0 159-2008-ED Manual de expedici\u00f3n y &hellip; <br \/><a href=\"https:\/\/cetproazangaro.edu.pe\/web\/proceso-de-titulacion\/\" class=\"more-link\">Continue reading <span class=\"screen-reader-text\">PROCESO DE TITULACI\u00d3N<\/span><\/a><\/p>\n","protected":false},"author":1,"featured_media":0,"parent":0,"menu_order":0,"comment_status":"closed","ping_status":"closed","template":"","meta":[],"_links":{"self":[{"href":"https:\/\/cetproazangaro.edu.pe\/web\/wp-json\/wp\/v2\/pages\/2388"}],"collection":[{"href":"https:\/\/cetproazangaro.edu.pe\/web\/wp-json\/wp\/v2\/pages"}],"about":[{"href":"https:\/\/cetproazangaro.edu.pe\/web\/wp-json\/wp\/v2\/types\/page"}],"author":[{"embeddable":true,"href":"https:\/\/cetproazangaro.edu.pe\/web\/wp-json\/wp\/v2\/users\/1"}],"replies":[{"embeddable":true,"href":"https:\/\/cetproazangaro.edu.pe\/web\/wp-json\/wp\/v2\/comments?post=2388"}],"version-history":[{"count":5,"href":"https:\/\/cetproazangaro.edu.pe\/web\/wp-json\/wp\/v2\/pages\/2388\/revisions"}],"predecessor-version":[{"id":2988,"href":"https:\/\/cetproazangaro.edu.pe\/web\/wp-json\/wp\/v2\/pages\/2388\/revisions\/2988"}],"wp:attachment":[{"href":"https:\/\/cetproazangaro.edu.pe\/web\/wp-json\/wp\/v2\/media?parent=2388"}],"curies":[{"name":"wp","href":"https:\/\/api.w.org\/{rel}","templated":true}]}}